{"id":719,"date":"2025-11-20T12:24:59","date_gmt":"2025-11-20T12:24:59","guid":{"rendered":"https:\/\/hahader.org\/?page_id=719"},"modified":"2025-11-20T12:43:06","modified_gmt":"2025-11-20T12:43:06","slug":"bakim-rehberi","status":"publish","type":"page","link":"https:\/\/hahader.org\/index.php\/bakim-rehberi\/","title":{"rendered":"Bak\u0131m Rehberi"},"content":{"rendered":"\n<p style=\"font-size:19px\">HAHADER Bak\u0131m Rehberi, hayvanlarla ya\u015fayan, sokakta besleme yapan veya bir can\u0131 koruma alt\u0131na alan herkes i\u00e7in haz\u0131rlanm\u0131\u015f kapsaml\u0131 bir bilgi merkezidir.<br>Bu rehberde; beslenmeden k\u0131s\u0131rla\u015ft\u0131rmaya, a\u015f\u0131lama takviminden paraziter tedavilere, acil durum m\u00fcdahalelerinden davran\u0131\u015f e\u011fitimine kadar bir hayvan\u0131n sa\u011fl\u0131kl\u0131, g\u00fcvenli ve mutlu bir ya\u015fam s\u00fcrmesi i\u00e7in gereken t\u00fcm temel bilgileri bulabilirsiniz.<\/p>\n\n\n\n<p style=\"font-size:19px\">Amac\u0131m\u0131z yaln\u0131zca hayvanlara do\u011fru bak\u0131m\u0131 \u00f6\u011fretmek de\u011fil; ayn\u0131 zamanda bilin\u00e7li bir toplum olu\u015fturarak sahipsiz canlar\u0131n ya\u015fam ko\u015fullar\u0131n\u0131 iyile\u015ftirmektir.<br>\u00c7\u00fcnk\u00fc biliyoruz ki; do\u011fru bilgi, her bir can\u0131n hayat\u0131n\u0131 de\u011fi\u015ftirebilir.<\/p>\n\n\n\n<p style=\"font-size:19px\">Bu rehber, veteriner hekimlerin bilimsel verileri, sahada edindi\u011fimiz deneyimler ve s\u00fcrd\u00fcr\u00fclebilir ya\u015fam prensipleriyle haz\u0131rlanm\u0131\u015ft\u0131r.<br>Her b\u00f6l\u00fcm, hem evcil hayvanlar hem de sokak hayvanlar\u0131 i\u00e7in pratik ve anla\u015f\u0131l\u0131r \u015fekilde d\u00fczenlenmi\u015ftir.<\/p>\n\n\n\n<p style=\"font-size:19px\">Hayvanlar i\u00e7in do\u011fru bak\u0131m, daha adil ve daha ya\u015fanabilir bir d\u00fcnya i\u00e7in at\u0131lan ilk ad\u0131md\u0131r.<\/p>\n\n\n\n<p><\/p>\n\n\n\n<figure class=\"wp-block-image size-large\"><img loading=\"lazy\" decoding=\"async\" width=\"683\" height=\"1024\" src=\"https:\/\/hahader.org\/wp-content\/uploads\/2025\/11\/pexels-roman-odintsov-6332001-683x1024.jpg\" alt=\"\" class=\"wp-image-749\" srcset=\"https:\/\/hahader.org\/wp-content\/uploads\/2025\/11\/pexels-roman-odintsov-6332001-683x1024.jpg 683w, https:\/\/hahader.org\/wp-content\/uploads\/2025\/11\/pexels-roman-odintsov-6332001-200x300.jpg 200w, https:\/\/hahader.org\/wp-content\/uploads\/2025\/11\/pexels-roman-odintsov-6332001-768x1152.jpg 768w, https:\/\/hahader.org\/wp-content\/uploads\/2025\/11\/pexels-roman-odintsov-6332001-1024x1536.jpg 1024w, https:\/\/hahader.org\/wp-content\/uploads\/2025\/11\/pexels-roman-odintsov-6332001-1365x2048.jpg 1365w, https:\/\/hahader.org\/wp-content\/uploads\/2025\/11\/pexels-roman-odintsov-6332001-scaled.jpg 1707w\" sizes=\"auto, (max-width: 683px) 100vw, 683px\" \/><\/figure>\n","protected":false},"excerpt":{"rendered":"<p>HAHADER Bak\u0131m Rehberi, hayvanlarla ya\u015fayan, sokakta besleme yapan veya bir can\u0131 koruma alt\u0131na alan herkes i\u00e7in haz\u0131rlanm\u0131\u015f kapsaml\u0131 bir bilgi merkezidir.Bu rehberde; beslenmeden k\u0131s\u0131rla\u015ft\u0131rmaya, a\u015f\u0131lama takviminden paraziter tedavilere, acil durum m\u00fcdahalelerinden davran\u0131\u015f e\u011fitimine kadar bir hayvan\u0131n sa\u011fl\u0131kl\u0131, g\u00fcvenli ve mutlu bir ya\u015fam s\u00fcrmesi i\u00e7in gereken t\u00fcm temel bilgileri bulabilirsiniz. Amac\u0131m\u0131z yaln\u0131zca hayvanlara do\u011fru bak\u0131m\u0131 \u00f6\u011fretmek&#8230;<\/p>\n","protected":false},"author":1,"featured_media":0,"parent":0,"menu_order":0,"comment_status":"closed","ping_status":"closed","template":"","meta":{"_kadence_starter_templates_imported_post":false,"_kad_post_transparent":"","_kad_post_title":"","_kad_post_layout":"","_kad_post_sidebar_id":"","_kad_post_content_style":"","_kad_post_vertical_padding":"","_kad_post_feature":"","_kad_post_feature_position":"","_kad_post_header":false,"_kad_post_footer":false,"_kad_post_classname":"","footnotes":""},"class_list":["post-719","page","type-page","status-publish","hentry"],"yoast_head":"<!-- This site is optimized with the Yoast SEO plugin v26.0 - https:\/\/yoast.com\/wordpress\/plugins\/seo\/ -->\n<title>Bak\u0131m Rehberi -<\/title>\n<meta name=\"robots\" content=\"index, follow, max-snippet:-1, max-image-preview:large, max-video-preview:-1\" \/>\n<link rel=\"canonical\" href=\"https:\/\/hahader.org\/index.php\/bakim-rehberi\/\" \/>\n<meta property=\"og:locale\" content=\"tr_TR\" \/>\n<meta property=\"og:type\" content=\"article\" \/>\n<meta property=\"og:title\" content=\"Bak\u0131m Rehberi -\" \/>\n<meta property=\"og:description\" content=\"HAHADER Bak\u0131m Rehberi, hayvanlarla ya\u015fayan, sokakta besleme yapan veya bir can\u0131 koruma alt\u0131na alan herkes i\u00e7in haz\u0131rlanm\u0131\u015f kapsaml\u0131 bir bilgi merkezidir.Bu rehberde; beslenmeden k\u0131s\u0131rla\u015ft\u0131rmaya, a\u015f\u0131lama takviminden paraziter tedavilere, acil durum m\u00fcdahalelerinden davran\u0131\u015f e\u011fitimine kadar bir hayvan\u0131n sa\u011fl\u0131kl\u0131, g\u00fcvenli ve mutlu bir ya\u015fam s\u00fcrmesi i\u00e7in gereken t\u00fcm temel bilgileri bulabilirsiniz. Amac\u0131m\u0131z yaln\u0131zca hayvanlara do\u011fru bak\u0131m\u0131 \u00f6\u011fretmek...\" \/>\n<meta property=\"og:url\" content=\"https:\/\/hahader.org\/index.php\/bakim-rehberi\/\" \/>\n<meta property=\"article:modified_time\" content=\"2025-11-20T12:43:06+00:00\" \/>\n<meta property=\"og:image\" content=\"https:\/\/hahader.org\/wp-content\/uploads\/2025\/11\/pexels-roman-odintsov-6332001-scaled.jpg\" \/>\n\t<meta property=\"og:image:width\" content=\"1707\" \/>\n\t<meta property=\"og:image:height\" content=\"2560\" \/>\n\t<meta property=\"og:image:type\" content=\"image\/jpeg\" \/>\n<meta name=\"twitter:card\" content=\"summary_large_image\" \/>\n<meta name=\"twitter:label1\" content=\"Tahmini okuma s\u00fcresi\" \/>\n\t<meta name=\"twitter:data1\" content=\"1 dakika\" \/>\n<script type=\"application\/ld+json\" class=\"yoast-schema-graph\">{\"@context\":\"https:\/\/schema.org\",\"@graph\":[{\"@type\":\"WebPage\",\"@id\":\"https:\/\/hahader.org\/index.php\/bakim-rehberi\/\",\"url\":\"https:\/\/hahader.org\/index.php\/bakim-rehberi\/\",\"name\":\"Bak\u0131m Rehberi -\",\"isPartOf\":{\"@id\":\"https:\/\/hahader.org\/#website\"},\"primaryImageOfPage\":{\"@id\":\"https:\/\/hahader.org\/index.php\/bakim-rehberi\/#primaryimage\"},\"image\":{\"@id\":\"https:\/\/hahader.org\/index.php\/bakim-rehberi\/#primaryimage\"},\"thumbnailUrl\":\"https:\/\/hahader.org\/wp-content\/uploads\/2025\/11\/pexels-roman-odintsov-6332001-683x1024.jpg\",\"datePublished\":\"2025-11-20T12:24:59+00:00\",\"dateModified\":\"2025-11-20T12:43:06+00:00\",\"breadcrumb\":{\"@id\":\"https:\/\/hahader.org\/index.php\/bakim-rehberi\/#breadcrumb\"},\"inLanguage\":\"tr\",\"potentialAction\":[{\"@type\":\"ReadAction\",\"target\":[\"https:\/\/hahader.org\/index.php\/bakim-rehberi\/\"]}]},{\"@type\":\"ImageObject\",\"inLanguage\":\"tr\",\"@id\":\"https:\/\/hahader.org\/index.php\/bakim-rehberi\/#primaryimage\",\"url\":\"https:\/\/hahader.org\/wp-content\/uploads\/2025\/11\/pexels-roman-odintsov-6332001-scaled.jpg\",\"contentUrl\":\"https:\/\/hahader.org\/wp-content\/uploads\/2025\/11\/pexels-roman-odintsov-6332001-scaled.jpg\",\"width\":1707,\"height\":2560},{\"@type\":\"BreadcrumbList\",\"@id\":\"https:\/\/hahader.org\/index.php\/bakim-rehberi\/#breadcrumb\",\"itemListElement\":[{\"@type\":\"ListItem\",\"position\":1,\"name\":\"Anasayfa\",\"item\":\"https:\/\/hahader.org\/\"},{\"@type\":\"ListItem\",\"position\":2,\"name\":\"Bak\u0131m Rehberi\"}]},{\"@type\":\"WebSite\",\"@id\":\"https:\/\/hahader.org\/#website\",\"url\":\"https:\/\/hahader.org\/\",\"name\":\"\",\"description\":\"\",\"potentialAction\":[{\"@type\":\"SearchAction\",\"target\":{\"@type\":\"EntryPoint\",\"urlTemplate\":\"https:\/\/hahader.org\/?s={search_term_string}\"},\"query-input\":{\"@type\":\"PropertyValueSpecification\",\"valueRequired\":true,\"valueName\":\"search_term_string\"}}],\"inLanguage\":\"tr\"}]}<\/script>\n<!-- \/ Yoast SEO plugin. -->","yoast_head_json":{"title":"Bak\u0131m Rehberi -","robots":{"index":"index","follow":"follow","max-snippet":"max-snippet:-1","max-image-preview":"max-image-preview:large","max-video-preview":"max-video-preview:-1"},"canonical":"https:\/\/hahader.org\/index.php\/bakim-rehberi\/","og_locale":"tr_TR","og_type":"article","og_title":"Bak\u0131m Rehberi -","og_description":"HAHADER Bak\u0131m Rehberi, hayvanlarla ya\u015fayan, sokakta besleme yapan veya bir can\u0131 koruma alt\u0131na alan herkes i\u00e7in haz\u0131rlanm\u0131\u015f kapsaml\u0131 bir bilgi merkezidir.Bu rehberde; beslenmeden k\u0131s\u0131rla\u015ft\u0131rmaya, a\u015f\u0131lama takviminden paraziter tedavilere, acil durum m\u00fcdahalelerinden davran\u0131\u015f e\u011fitimine kadar bir hayvan\u0131n sa\u011fl\u0131kl\u0131, g\u00fcvenli ve mutlu bir ya\u015fam s\u00fcrmesi i\u00e7in gereken t\u00fcm temel bilgileri bulabilirsiniz. Amac\u0131m\u0131z yaln\u0131zca hayvanlara do\u011fru bak\u0131m\u0131 \u00f6\u011fretmek...","og_url":"https:\/\/hahader.org\/index.php\/bakim-rehberi\/","article_modified_time":"2025-11-20T12:43:06+00:00","og_image":[{"width":1707,"height":2560,"url":"https:\/\/hahader.org\/wp-content\/uploads\/2025\/11\/pexels-roman-odintsov-6332001-scaled.jpg","type":"image\/jpeg"}],"twitter_card":"summary_large_image","twitter_misc":{"Tahmini okuma s\u00fcresi":"1 dakika"},"schema":{"@context":"https:\/\/schema.org","@graph":[{"@type":"WebPage","@id":"https:\/\/hahader.org\/index.php\/bakim-rehberi\/","url":"https:\/\/hahader.org\/index.php\/bakim-rehberi\/","name":"Bak\u0131m Rehberi -","isPartOf":{"@id":"https:\/\/hahader.org\/#website"},"primaryImageOfPage":{"@id":"https:\/\/hahader.org\/index.php\/bakim-rehberi\/#primaryimage"},"image":{"@id":"https:\/\/hahader.org\/index.php\/bakim-rehberi\/#primaryimage"},"thumbnailUrl":"https:\/\/hahader.org\/wp-content\/uploads\/2025\/11\/pexels-roman-odintsov-6332001-683x1024.jpg","datePublished":"2025-11-20T12:24:59+00:00","dateModified":"2025-11-20T12:43:06+00:00","breadcrumb":{"@id":"https:\/\/hahader.org\/index.php\/bakim-rehberi\/#breadcrumb"},"inLanguage":"tr","potentialAction":[{"@type":"ReadAction","target":["https:\/\/hahader.org\/index.php\/bakim-rehberi\/"]}]},{"@type":"ImageObject","inLanguage":"tr","@id":"https:\/\/hahader.org\/index.php\/bakim-rehberi\/#primaryimage","url":"https:\/\/hahader.org\/wp-content\/uploads\/2025\/11\/pexels-roman-odintsov-6332001-scaled.jpg","contentUrl":"https:\/\/hahader.org\/wp-content\/uploads\/2025\/11\/pexels-roman-odintsov-6332001-scaled.jpg","width":1707,"height":2560},{"@type":"BreadcrumbList","@id":"https:\/\/hahader.org\/index.php\/bakim-rehberi\/#breadcrumb","itemListElement":[{"@type":"ListItem","position":1,"name":"Anasayfa","item":"https:\/\/hahader.org\/"},{"@type":"ListItem","position":2,"name":"Bak\u0131m Rehberi"}]},{"@type":"WebSite","@id":"https:\/\/hahader.org\/#website","url":"https:\/\/hahader.org\/","name":"","description":"","potentialAction":[{"@type":"SearchAction","target":{"@type":"EntryPoint","urlTemplate":"https:\/\/hahader.org\/?s={search_term_string}"},"query-input":{"@type":"PropertyValueSpecification","valueRequired":true,"valueName":"search_term_string"}}],"inLanguage":"tr"}]}},"_links":{"self":[{"href":"https:\/\/hahader.org\/index.php\/wp-json\/wp\/v2\/pages\/719","targetHints":{"allow":["GET"]}}],"collection":[{"href":"https:\/\/hahader.org\/index.php\/wp-json\/wp\/v2\/pages"}],"about":[{"href":"https:\/\/hahader.org\/index.php\/wp-json\/wp\/v2\/types\/page"}],"author":[{"embeddable":true,"href":"https:\/\/hahader.org\/index.php\/wp-json\/wp\/v2\/users\/1"}],"replies":[{"embeddable":true,"href":"https:\/\/hahader.org\/index.php\/wp-json\/wp\/v2\/comments?post=719"}],"version-history":[{"count":2,"href":"https:\/\/hahader.org\/index.php\/wp-json\/wp\/v2\/pages\/719\/revisions"}],"predecessor-version":[{"id":750,"href":"https:\/\/hahader.org\/index.php\/wp-json\/wp\/v2\/pages\/719\/revisions\/750"}],"wp:attachment":[{"href":"https:\/\/hahader.org\/index.php\/wp-json\/wp\/v2\/media?parent=719"}],"curies":[{"name":"wp","href":"https:\/\/api.w.org\/{rel}","templated":true}]}}